{"id":183,"date":"2015-06-22T09:51:10","date_gmt":"2015-06-22T09:51:10","guid":{"rendered":"http:\/\/www.nasillard.com\/?page_id=183"},"modified":"2015-11-17T17:15:27","modified_gmt":"2015-11-17T17:15:27","slug":"maquinaria-para-cerrajeria","status":"publish","type":"page","link":"https:\/\/www.nasillard.com\/es\/maquinaria-para-cerrajeria\/","title":{"rendered":"Maquinaria"},"content":{"rendered":"<p>Nuestras instalaciones disponen de maquinaria de \u00faltima generaci\u00f3n para todo tipo de trabajos en cerrajer\u00eda.<\/p>\n<div class=\"su-list\" style=\"margin-left:0px\">\n<ul>\n<li><i class=\"sui sui-check\" style=\"color:#ffcc33\"><\/i> Disponemos de PLEGADORA hasta 2 metros (preparada para doblar hasta 5 mm de espesor) y de CIZALLA de 2 metros (preparada para cortes hasta 10 mm de espesor) para poder realizar cualquier tipo de trabajo de plegado o corte hasta estas medidas.<\/li>\n<li><i class=\"sui sui-check\" style=\"color:#ffcc33\"><\/i> Tambi\u00e9n disponemos maquinaria especializada para trabajos de mecanizaci\u00f3n de piezas.<\/li>\n<li><i class=\"sui sui-check\" style=\"color:#ffcc33\"><\/i> Equipos port\u00e1tiles de soldadura tipo, TIG, aportaci\u00f3n de electrodo y soldadura con soplete.<\/li>\n<li><i class=\"sui sui-check\" style=\"color:#ffcc33\"><\/i> Equipos para cualquier tipo de soldadura.<\/li>\n<li><i class=\"sui sui-check\" style=\"color:#ffcc33\"><\/i> Disponemos de Plasma port\u00e1til con capacidad de corte hasta 3mm de espesor y plasma en el taller con capacidad de corte hasta 20mm de espesor.<\/li>\n<li><i class=\"sui sui-check\" style=\"color:#ffcc33\"><\/i> Taladro port\u00e1til de im\u00e1n. Para taladrar verticalmente y horizontalmente.<\/li>\n<li><i class=\"sui sui-check\" style=\"color:#ffcc33\"><\/i> Taladro de pie.<\/li>\n<li><i class=\"sui sui-check\" style=\"color:#ffcc33\"><\/i> M\u00e1quina para cilindrado de chapa de 1500mm preparada para un espesor de hasta 3mm.<\/li>\n<li><i class=\"sui sui-check\" style=\"color:#ffcc33\"><\/i> Prensa hidr\u00e1ulica de 300 toneladas para plegar hasta 20mm de espesor.<\/li>\n<li><i class=\"sui sui-check\" style=\"color:#ffcc33\"><\/i> Aparte de todas las herramientas que nos permiten realizar cualquier tipo de trabajo de nuestro sector.<\/li>\n<\/ul>\n<\/div>\n<div class=\"su-spacer\" style=\"height:40px\"><\/div>\n<div class=\"su-note\"  style=\"border-color:#e5b219;\"><div class=\"su-note-inner su-u-clearfix su-u-trim\" style=\"background-color:#ffcc33;border-color:#ffffff;color:#333333;\">Si tiene alguna necesidad especial que requiere informaci\u00f3n sobre nuestras m\u00e1quinas p\u00f3ngase en<br \/>\ncontacto con nosotros y le informaremos.<\/div><\/div>\n","protected":false},"excerpt":{"rendered":"<p>Nuestras instalaciones disponen de maquinaria de \u00faltima generaci\u00f3n para todo tipo de trabajos en cerrajer\u00eda.<\/p>\n","protected":false},"author":1,"featured_media":167,"parent":0,"menu_order":0,"comment_status":"open","ping_status":"open","template":"fullwidth.php","meta":{"_monsterinsights_skip_tracking":false,"_monsterinsights_sitenote_active":false,"_monsterinsights_sitenote_note":"","_monsterinsights_sitenote_category":0,"footnotes":""},"class_list":["post-183","page","type-page","status-publish","has-post-thumbnail","hentry"],"yoast_head":"<!-- This site is optimized with the Yoast SEO plugin v27.5 - https:\/\/yoast.com\/product\/yoast-seo-wordpress\/ -->\n<title>Nasillard - Maquinaria para cerrajer\u00eda<\/title>\n<meta name=\"description\" content=\"Nuestras instalaciones disponen de maquinaria de \u00faltima generaci\u00f3n para todo tipo de trabajos en cerrajer\u00eda\" \/>\n<meta name=\"robots\" content=\"index, follow, max-snippet:-1, max-image-preview:large, max-video-preview:-1\" \/>\n<link rel=\"canonical\" href=\"https:\/\/www.nasillard.com\/es\/maquinaria-para-cerrajeria\/\" \/>\n<meta property=\"og:locale\" content=\"es_ES\" \/>\n<meta property=\"og:type\" content=\"article\" \/>\n<meta property=\"og:title\" content=\"Nasillard - Maquinaria para cerrajer\u00eda\" \/>\n<meta property=\"og:description\" content=\"Nuestras instalaciones disponen de maquinaria de \u00faltima generaci\u00f3n para todo tipo de trabajos en cerrajer\u00eda\" \/>\n<meta property=\"og:url\" content=\"https:\/\/www.nasillard.com\/es\/maquinaria-para-cerrajeria\/\" \/>\n<meta property=\"og:site_name\" content=\"Nasillard\" \/>\n<meta property=\"article:modified_time\" content=\"2015-11-17T17:15:27+00:00\" \/>\n<meta property=\"og:image\" content=\"https:\/\/www.nasillard.com\/wp-content\/uploads\/2015\/04\/file0001784188694.jpg\" \/>\n\t<meta property=\"og:image:width\" content=\"620\" \/>\n\t<meta property=\"og:image:height\" content=\"465\" \/>\n\t<meta property=\"og:image:type\" content=\"image\/jpeg\" \/>\n<meta name=\"twitter:card\" content=\"summary_large_image\" \/>\n<meta name=\"twitter:label1\" content=\"Tiempo de lectura\" \/>\n\t<meta name=\"twitter:data1\" content=\"1 minuto\" \/>\n<script type=\"application\/ld+json\" class=\"yoast-schema-graph\">{\"@context\":\"https:\\\/\\\/schema.org\",\"@graph\":[{\"@type\":\"WebPage\",\"@id\":\"https:\\\/\\\/www.nasillard.com\\\/es\\\/maquinaria-para-cerrajeria\\\/\",\"url\":\"https:\\\/\\\/www.nasillard.com\\\/es\\\/maquinaria-para-cerrajeria\\\/\",\"name\":\"Nasillard - Maquinaria para cerrajer\u00eda\",\"isPartOf\":{\"@id\":\"https:\\\/\\\/www.nasillard.com\\\/#website\"},\"primaryImageOfPage\":{\"@id\":\"https:\\\/\\\/www.nasillard.com\\\/es\\\/maquinaria-para-cerrajeria\\\/#primaryimage\"},\"image\":{\"@id\":\"https:\\\/\\\/www.nasillard.com\\\/es\\\/maquinaria-para-cerrajeria\\\/#primaryimage\"},\"thumbnailUrl\":\"https:\\\/\\\/www.nasillard.com\\\/wp-content\\\/uploads\\\/2015\\\/04\\\/file0001784188694.jpg\",\"datePublished\":\"2015-06-22T09:51:10+00:00\",\"dateModified\":\"2015-11-17T17:15:27+00:00\",\"description\":\"Nuestras instalaciones disponen de maquinaria de \u00faltima generaci\u00f3n para todo tipo de trabajos en cerrajer\u00eda\",\"breadcrumb\":{\"@id\":\"https:\\\/\\\/www.nasillard.com\\\/es\\\/maquinaria-para-cerrajeria\\\/#breadcrumb\"},\"inLanguage\":\"es\",\"potentialAction\":[{\"@type\":\"ReadAction\",\"target\":[\"https:\\\/\\\/www.nasillard.com\\\/es\\\/maquinaria-para-cerrajeria\\\/\"]}]},{\"@type\":\"ImageObject\",\"inLanguage\":\"es\",\"@id\":\"https:\\\/\\\/www.nasillard.com\\\/es\\\/maquinaria-para-cerrajeria\\\/#primaryimage\",\"url\":\"https:\\\/\\\/www.nasillard.com\\\/wp-content\\\/uploads\\\/2015\\\/04\\\/file0001784188694.jpg\",\"contentUrl\":\"https:\\\/\\\/www.nasillard.com\\\/wp-content\\\/uploads\\\/2015\\\/04\\\/file0001784188694.jpg\",\"width\":620,\"height\":465,\"caption\":\"Nasillard treballs i muntatges amb metall\"},{\"@type\":\"BreadcrumbList\",\"@id\":\"https:\\\/\\\/www.nasillard.com\\\/es\\\/maquinaria-para-cerrajeria\\\/#breadcrumb\",\"itemListElement\":[{\"@type\":\"ListItem\",\"position\":1,\"name\":\"Inici\",\"item\":\"https:\\\/\\\/www.nasillard.com\\\/\"},{\"@type\":\"ListItem\",\"position\":2,\"name\":\"Maquinaria\"}]},{\"@type\":\"WebSite\",\"@id\":\"https:\\\/\\\/www.nasillard.com\\\/#website\",\"url\":\"https:\\\/\\\/www.nasillard.com\\\/\",\"name\":\"Nasillard\",\"description\":\"Treballs en cerrajer\u00eda, hierro, inoxidable, soldaduras, montajes y mantenimientos\",\"potentialAction\":[{\"@type\":\"SearchAction\",\"target\":{\"@type\":\"EntryPoint\",\"urlTemplate\":\"https:\\\/\\\/www.nasillard.com\\\/?s={search_term_string}\"},\"query-input\":{\"@type\":\"PropertyValueSpecification\",\"valueRequired\":true,\"valueName\":\"search_term_string\"}}],\"inLanguage\":\"es\"}]}<\/script>\n<!-- \/ Yoast SEO plugin. -->","yoast_head_json":{"title":"Nasillard - Maquinaria para cerrajer\u00eda","description":"Nuestras instalaciones disponen de maquinaria de \u00faltima generaci\u00f3n para todo tipo de trabajos en cerrajer\u00eda","robots":{"index":"index","follow":"follow","max-snippet":"max-snippet:-1","max-image-preview":"max-image-preview:large","max-video-preview":"max-video-preview:-1"},"canonical":"https:\/\/www.nasillard.com\/es\/maquinaria-para-cerrajeria\/","og_locale":"es_ES","og_type":"article","og_title":"Nasillard - Maquinaria para cerrajer\u00eda","og_description":"Nuestras instalaciones disponen de maquinaria de \u00faltima generaci\u00f3n para todo tipo de trabajos en cerrajer\u00eda","og_url":"https:\/\/www.nasillard.com\/es\/maquinaria-para-cerrajeria\/","og_site_name":"Nasillard","article_modified_time":"2015-11-17T17:15:27+00:00","og_image":[{"width":620,"height":465,"url":"https:\/\/www.nasillard.com\/wp-content\/uploads\/2015\/04\/file0001784188694.jpg","type":"image\/jpeg"}],"twitter_card":"summary_large_image","twitter_misc":{"Tiempo de lectura":"1 minuto"},"schema":{"@context":"https:\/\/schema.org","@graph":[{"@type":"WebPage","@id":"https:\/\/www.nasillard.com\/es\/maquinaria-para-cerrajeria\/","url":"https:\/\/www.nasillard.com\/es\/maquinaria-para-cerrajeria\/","name":"Nasillard - Maquinaria para cerrajer\u00eda","isPartOf":{"@id":"https:\/\/www.nasillard.com\/#website"},"primaryImageOfPage":{"@id":"https:\/\/www.nasillard.com\/es\/maquinaria-para-cerrajeria\/#primaryimage"},"image":{"@id":"https:\/\/www.nasillard.com\/es\/maquinaria-para-cerrajeria\/#primaryimage"},"thumbnailUrl":"https:\/\/www.nasillard.com\/wp-content\/uploads\/2015\/04\/file0001784188694.jpg","datePublished":"2015-06-22T09:51:10+00:00","dateModified":"2015-11-17T17:15:27+00:00","description":"Nuestras instalaciones disponen de maquinaria de \u00faltima generaci\u00f3n para todo tipo de trabajos en cerrajer\u00eda","breadcrumb":{"@id":"https:\/\/www.nasillard.com\/es\/maquinaria-para-cerrajeria\/#breadcrumb"},"inLanguage":"es","potentialAction":[{"@type":"ReadAction","target":["https:\/\/www.nasillard.com\/es\/maquinaria-para-cerrajeria\/"]}]},{"@type":"ImageObject","inLanguage":"es","@id":"https:\/\/www.nasillard.com\/es\/maquinaria-para-cerrajeria\/#primaryimage","url":"https:\/\/www.nasillard.com\/wp-content\/uploads\/2015\/04\/file0001784188694.jpg","contentUrl":"https:\/\/www.nasillard.com\/wp-content\/uploads\/2015\/04\/file0001784188694.jpg","width":620,"height":465,"caption":"Nasillard treballs i muntatges amb metall"},{"@type":"BreadcrumbList","@id":"https:\/\/www.nasillard.com\/es\/maquinaria-para-cerrajeria\/#breadcrumb","itemListElement":[{"@type":"ListItem","position":1,"name":"Inici","item":"https:\/\/www.nasillard.com\/"},{"@type":"ListItem","position":2,"name":"Maquinaria"}]},{"@type":"WebSite","@id":"https:\/\/www.nasillard.com\/#website","url":"https:\/\/www.nasillard.com\/","name":"Nasillard","description":"Treballs en cerrajer\u00eda, hierro, inoxidable, soldaduras, montajes y mantenimientos","potentialAction":[{"@type":"SearchAction","target":{"@type":"EntryPoint","urlTemplate":"https:\/\/www.nasillard.com\/?s={search_term_string}"},"query-input":{"@type":"PropertyValueSpecification","valueRequired":true,"valueName":"search_term_string"}}],"inLanguage":"es"}]}},"_links":{"self":[{"href":"https:\/\/www.nasillard.com\/es\/wp-json\/wp\/v2\/pages\/183","targetHints":{"allow":["GET"]}}],"collection":[{"href":"https:\/\/www.nasillard.com\/es\/wp-json\/wp\/v2\/pages"}],"about":[{"href":"https:\/\/www.nasillard.com\/es\/wp-json\/wp\/v2\/types\/page"}],"author":[{"embeddable":true,"href":"https:\/\/www.nasillard.com\/es\/wp-json\/wp\/v2\/users\/1"}],"replies":[{"embeddable":true,"href":"https:\/\/www.nasillard.com\/es\/wp-json\/wp\/v2\/comments?post=183"}],"version-history":[{"count":6,"href":"https:\/\/www.nasillard.com\/es\/wp-json\/wp\/v2\/pages\/183\/revisions"}],"predecessor-version":[{"id":230,"href":"https:\/\/www.nasillard.com\/es\/wp-json\/wp\/v2\/pages\/183\/revisions\/230"}],"wp:featuredmedia":[{"embeddable":true,"href":"https:\/\/www.nasillard.com\/es\/wp-json\/wp\/v2\/media\/167"}],"wp:attachment":[{"href":"https:\/\/www.nasillard.com\/es\/wp-json\/wp\/v2\/media?parent=183"}],"curies":[{"name":"wp","href":"https:\/\/api.w.org\/{rel}","templated":true}]}}