{"id":44,"date":"2014-05-25T18:12:33","date_gmt":"2014-05-25T18:12:33","guid":{"rendered":"http:\/\/demo.vivathemes.com\/themes\/indigo\/?page_id=44"},"modified":"2015-11-17T17:16:27","modified_gmt":"2015-11-17T17:16:27","slug":"servicios-soldadura","status":"publish","type":"page","link":"https:\/\/www.nasillard.com\/es\/servicios-soldadura\/","title":{"rendered":"Servicios"},"content":{"rendered":"<p>En nuestras instalaciones podemos realizar cualquier tipo de soldadura adapt\u00e1ndonos a las necesidades de cada cliente.<\/p>\n<div class=\"su-spacer\" style=\"height:40px\"><\/div>\n<div class=\"su-row\">\n<div class=\"su-column su-column-size-1-3\"><div class=\"su-column-inner su-u-clearfix su-u-trim\"><div class=\"su-service\"><div class=\"su-service-title\" style=\"padding-left:46px;min-height:32px;line-height:32px\"><i class=\"sui sui-chevron-right\" style=\"font-size:32px;color:#ffcc33\"><\/i> Soldadura aut\u00f3gena<\/div><div class=\"su-service-content su-u-clearfix su-u-trim\" style=\"padding-left:46px\"><\/div><\/div><\/div><\/div>\n<div class=\"su-column su-column-size-1-3\"><div class=\"su-column-inner su-u-clearfix su-u-trim\"><div class=\"su-service\"><div class=\"su-service-title\" style=\"padding-left:46px;min-height:32px;line-height:32px\"><i class=\"sui sui-chevron-right\" style=\"font-size:32px;color:#ffcc33\"><\/i> Soldadura con esta\u00f1o \/ plata<\/div><div class=\"su-service-content su-u-clearfix su-u-trim\" style=\"padding-left:46px\"><\/div><\/div><\/div><\/div>\n<div class=\"su-column su-column-size-1-3\"><div class=\"su-column-inner su-u-clearfix su-u-trim\"><div class=\"su-service\"><div class=\"su-service-title\" style=\"padding-left:46px;min-height:32px;line-height:32px\"><i class=\"sui sui-chevron-right\" style=\"font-size:32px;color:#ffcc33\"><\/i> Soldadura MIG<\/div><div class=\"su-service-content su-u-clearfix su-u-trim\" style=\"padding-left:46px\"><\/div><\/div><\/div><\/div>\n<\/div>\n<div class=\"su-row\">\n<div class=\"su-column su-column-size-1-3\"><div class=\"su-column-inner su-u-clearfix su-u-trim\"><div class=\"su-service\"><div class=\"su-service-title\" style=\"padding-left:46px;min-height:32px;line-height:32px\"><i class=\"sui sui-chevron-right\" style=\"font-size:32px;color:#ffcc33\"><\/i> Soldadura TIG<\/div><div class=\"su-service-content su-u-clearfix su-u-trim\" style=\"padding-left:46px\"><\/div><\/div><\/div><\/div>\n<div class=\"su-column su-column-size-1-3\"><div class=\"su-column-inner su-u-clearfix su-u-trim\"><div class=\"su-service\"><div class=\"su-service-title\" style=\"padding-left:46px;min-height:32px;line-height:32px\"><i class=\"sui sui-chevron-right\" style=\"font-size:32px;color:#ffcc33\"><\/i> Soldadura con aportaci\u00f3n de electrodo<\/div><div class=\"su-service-content su-u-clearfix su-u-trim\" style=\"padding-left:46px\"><\/div><\/div><\/div><\/div>\n<div class=\"su-column su-column-size-1-3\"><div class=\"su-column-inner su-u-clearfix su-u-trim\"><div class=\"su-service\"><div class=\"su-service-title\" style=\"padding-left:46px;min-height:32px;line-height:32px\"><i class=\"sui sui-chevron-right\" style=\"font-size:32px;color:#ffcc33\"><\/i> Soldadura con titanio<\/div><div class=\"su-service-content su-u-clearfix su-u-trim\" style=\"padding-left:46px\"><\/div><\/div><\/div><\/div>\n<\/div>\n<div class=\"su-spacer\" style=\"height:40px\"><\/div>\n<div class=\"su-row\">\n<div class=\"su-column su-column-size-1-4\"><div class=\"su-column-inner su-u-clearfix su-u-trim\">\n<h2>Mantenimiento y reparaci\u00f3n de maquinaria.<\/h2>\n<p>Nuestro personal se desplazar\u00e1 a sus instalaciones para determinar las necesidades en cada caso y poder realizar la mejor gesti\u00f3n para sus m\u00e1quinas y solucionar sus problemas con nuestros equipos port\u00e1tiles.<\/p>\n<\/div><\/div>\n<div class=\"su-column su-column-size-1-4\"><div class=\"su-column-inner su-u-clearfix su-u-trim\">\n<h2>Desarrollo de proyectos sobre planos.<\/h2>\n<p>Gracias a nuestro equipo de profesionales ofrecemos soluciones integrales para sus proyectos. Contacte con nosotros y solicite su presupuesto para trabajos de soldadura, mecanizados, pulidos, etc.<\/p>\n<\/div><\/div>\n<div class=\"su-column su-column-size-1-4\"><div class=\"su-column-inner su-u-clearfix su-u-trim\">\n<h2>Cerrajer\u00eda.<\/h2>\n<p>Con su dise\u00f1o y\/o idea podemos fabricar puertas, barandillas, cerramientos, todo tipo de mobiliario y accesorios tanto de exterior como de interior. As\u00ed como cualquier necesidad de tipo industrial.<\/p>\n<\/div><\/div>\n<div class=\"su-column su-column-size-1-4\"><div class=\"su-column-inner su-u-clearfix su-u-trim\">\n<h2>Dise\u00f1os personalizados.<\/h2>\n<p>Si tiene una necesidad, nuestros profesionales pueden asesorar para encontrar la mejor soluci\u00f3n para su idea. No dude en consultarnos y pedirnos presupuesto.<\/p>\n<\/div><\/div>\n<\/div>\n","protected":false},"excerpt":{"rendered":"<p>En nuestras instalaciones podemos realizar cualquier tipo de soldadura adapt\u00e1ndonos a las necesidades de cada cliente.<\/p>\n","protected":false},"author":1,"featured_media":175,"parent":0,"menu_order":0,"comment_status":"open","ping_status":"closed","template":"fullwidth.php","meta":{"_monsterinsights_skip_tracking":false,"_monsterinsights_sitenote_active":false,"_monsterinsights_sitenote_note":"","_monsterinsights_sitenote_category":0,"footnotes":""},"class_list":["post-44","page","type-page","status-publish","has-post-thumbnail","hentry"],"yoast_head":"<!-- This site is optimized with the Yoast SEO plugin v27.5 - https:\/\/yoast.com\/product\/yoast-seo-wordpress\/ -->\n<title>Soldadura. Servicios - Nasillard<\/title>\n<meta name=\"description\" content=\"En nuestras instalaciones podemos realizar cualquier tipo de soldadura adapt\u00e1ndonos a las necesidades de cada cliente.\" \/>\n<meta name=\"robots\" content=\"index, follow, max-snippet:-1, max-image-preview:large, max-video-preview:-1\" \/>\n<link rel=\"canonical\" href=\"https:\/\/www.nasillard.com\/es\/servicios-soldadura\/\" \/>\n<meta property=\"og:locale\" content=\"es_ES\" \/>\n<meta property=\"og:type\" content=\"article\" \/>\n<meta property=\"og:title\" content=\"Soldadura. Servicios - Nasillard\" \/>\n<meta property=\"og:description\" content=\"En nuestras instalaciones podemos realizar cualquier tipo de soldadura adapt\u00e1ndonos a las necesidades de cada cliente.\" \/>\n<meta property=\"og:url\" content=\"https:\/\/www.nasillard.com\/es\/servicios-soldadura\/\" \/>\n<meta property=\"og:site_name\" content=\"Nasillard\" \/>\n<meta property=\"article:modified_time\" content=\"2015-11-17T17:16:27+00:00\" \/>\n<meta property=\"og:image\" content=\"https:\/\/www.nasillard.com\/wp-content\/uploads\/2015\/06\/FullSizeRender7.jpg\" \/>\n\t<meta property=\"og:image:width\" content=\"2448\" \/>\n\t<meta property=\"og:image:height\" content=\"2448\" \/>\n\t<meta property=\"og:image:type\" content=\"image\/jpeg\" \/>\n<meta name=\"twitter:card\" content=\"summary_large_image\" \/>\n<meta name=\"twitter:label1\" content=\"Tiempo de lectura\" \/>\n\t<meta name=\"twitter:data1\" content=\"2 minutos\" \/>\n<script type=\"application\/ld+json\" class=\"yoast-schema-graph\">{\"@context\":\"https:\\\/\\\/schema.org\",\"@graph\":[{\"@type\":\"WebPage\",\"@id\":\"https:\\\/\\\/www.nasillard.com\\\/es\\\/servicios-soldadura\\\/\",\"url\":\"https:\\\/\\\/www.nasillard.com\\\/es\\\/servicios-soldadura\\\/\",\"name\":\"Soldadura. Servicios - Nasillard\",\"isPartOf\":{\"@id\":\"https:\\\/\\\/www.nasillard.com\\\/#website\"},\"primaryImageOfPage\":{\"@id\":\"https:\\\/\\\/www.nasillard.com\\\/es\\\/servicios-soldadura\\\/#primaryimage\"},\"image\":{\"@id\":\"https:\\\/\\\/www.nasillard.com\\\/es\\\/servicios-soldadura\\\/#primaryimage\"},\"thumbnailUrl\":\"https:\\\/\\\/www.nasillard.com\\\/wp-content\\\/uploads\\\/2015\\\/06\\\/FullSizeRender7.jpg\",\"datePublished\":\"2014-05-25T18:12:33+00:00\",\"dateModified\":\"2015-11-17T17:16:27+00:00\",\"description\":\"En nuestras instalaciones podemos realizar cualquier tipo de soldadura adapt\u00e1ndonos a las necesidades de cada cliente.\",\"breadcrumb\":{\"@id\":\"https:\\\/\\\/www.nasillard.com\\\/es\\\/servicios-soldadura\\\/#breadcrumb\"},\"inLanguage\":\"es\",\"potentialAction\":[{\"@type\":\"ReadAction\",\"target\":[\"https:\\\/\\\/www.nasillard.com\\\/es\\\/servicios-soldadura\\\/\"]}]},{\"@type\":\"ImageObject\",\"inLanguage\":\"es\",\"@id\":\"https:\\\/\\\/www.nasillard.com\\\/es\\\/servicios-soldadura\\\/#primaryimage\",\"url\":\"https:\\\/\\\/www.nasillard.com\\\/wp-content\\\/uploads\\\/2015\\\/06\\\/FullSizeRender7.jpg\",\"contentUrl\":\"https:\\\/\\\/www.nasillard.com\\\/wp-content\\\/uploads\\\/2015\\\/06\\\/FullSizeRender7.jpg\",\"width\":2448,\"height\":2448,\"caption\":\"SOLDADURA CON ELECTRODO.\"},{\"@type\":\"BreadcrumbList\",\"@id\":\"https:\\\/\\\/www.nasillard.com\\\/es\\\/servicios-soldadura\\\/#breadcrumb\",\"itemListElement\":[{\"@type\":\"ListItem\",\"position\":1,\"name\":\"Inici\",\"item\":\"https:\\\/\\\/www.nasillard.com\\\/\"},{\"@type\":\"ListItem\",\"position\":2,\"name\":\"Servicios\"}]},{\"@type\":\"WebSite\",\"@id\":\"https:\\\/\\\/www.nasillard.com\\\/#website\",\"url\":\"https:\\\/\\\/www.nasillard.com\\\/\",\"name\":\"Nasillard\",\"description\":\"Treballs en cerrajer\u00eda, hierro, inoxidable, soldaduras, montajes y mantenimientos\",\"potentialAction\":[{\"@type\":\"SearchAction\",\"target\":{\"@type\":\"EntryPoint\",\"urlTemplate\":\"https:\\\/\\\/www.nasillard.com\\\/?s={search_term_string}\"},\"query-input\":{\"@type\":\"PropertyValueSpecification\",\"valueRequired\":true,\"valueName\":\"search_term_string\"}}],\"inLanguage\":\"es\"}]}<\/script>\n<!-- \/ Yoast SEO plugin. -->","yoast_head_json":{"title":"Soldadura. Servicios - Nasillard","description":"En nuestras instalaciones podemos realizar cualquier tipo de soldadura adapt\u00e1ndonos a las necesidades de cada cliente.","robots":{"index":"index","follow":"follow","max-snippet":"max-snippet:-1","max-image-preview":"max-image-preview:large","max-video-preview":"max-video-preview:-1"},"canonical":"https:\/\/www.nasillard.com\/es\/servicios-soldadura\/","og_locale":"es_ES","og_type":"article","og_title":"Soldadura. Servicios - Nasillard","og_description":"En nuestras instalaciones podemos realizar cualquier tipo de soldadura adapt\u00e1ndonos a las necesidades de cada cliente.","og_url":"https:\/\/www.nasillard.com\/es\/servicios-soldadura\/","og_site_name":"Nasillard","article_modified_time":"2015-11-17T17:16:27+00:00","og_image":[{"width":2448,"height":2448,"url":"https:\/\/www.nasillard.com\/wp-content\/uploads\/2015\/06\/FullSizeRender7.jpg","type":"image\/jpeg"}],"twitter_card":"summary_large_image","twitter_misc":{"Tiempo de lectura":"2 minutos"},"schema":{"@context":"https:\/\/schema.org","@graph":[{"@type":"WebPage","@id":"https:\/\/www.nasillard.com\/es\/servicios-soldadura\/","url":"https:\/\/www.nasillard.com\/es\/servicios-soldadura\/","name":"Soldadura. Servicios - Nasillard","isPartOf":{"@id":"https:\/\/www.nasillard.com\/#website"},"primaryImageOfPage":{"@id":"https:\/\/www.nasillard.com\/es\/servicios-soldadura\/#primaryimage"},"image":{"@id":"https:\/\/www.nasillard.com\/es\/servicios-soldadura\/#primaryimage"},"thumbnailUrl":"https:\/\/www.nasillard.com\/wp-content\/uploads\/2015\/06\/FullSizeRender7.jpg","datePublished":"2014-05-25T18:12:33+00:00","dateModified":"2015-11-17T17:16:27+00:00","description":"En nuestras instalaciones podemos realizar cualquier tipo de soldadura adapt\u00e1ndonos a las necesidades de cada cliente.","breadcrumb":{"@id":"https:\/\/www.nasillard.com\/es\/servicios-soldadura\/#breadcrumb"},"inLanguage":"es","potentialAction":[{"@type":"ReadAction","target":["https:\/\/www.nasillard.com\/es\/servicios-soldadura\/"]}]},{"@type":"ImageObject","inLanguage":"es","@id":"https:\/\/www.nasillard.com\/es\/servicios-soldadura\/#primaryimage","url":"https:\/\/www.nasillard.com\/wp-content\/uploads\/2015\/06\/FullSizeRender7.jpg","contentUrl":"https:\/\/www.nasillard.com\/wp-content\/uploads\/2015\/06\/FullSizeRender7.jpg","width":2448,"height":2448,"caption":"SOLDADURA CON ELECTRODO."},{"@type":"BreadcrumbList","@id":"https:\/\/www.nasillard.com\/es\/servicios-soldadura\/#breadcrumb","itemListElement":[{"@type":"ListItem","position":1,"name":"Inici","item":"https:\/\/www.nasillard.com\/"},{"@type":"ListItem","position":2,"name":"Servicios"}]},{"@type":"WebSite","@id":"https:\/\/www.nasillard.com\/#website","url":"https:\/\/www.nasillard.com\/","name":"Nasillard","description":"Treballs en cerrajer\u00eda, hierro, inoxidable, soldaduras, montajes y mantenimientos","potentialAction":[{"@type":"SearchAction","target":{"@type":"EntryPoint","urlTemplate":"https:\/\/www.nasillard.com\/?s={search_term_string}"},"query-input":{"@type":"PropertyValueSpecification","valueRequired":true,"valueName":"search_term_string"}}],"inLanguage":"es"}]}},"_links":{"self":[{"href":"https:\/\/www.nasillard.com\/es\/wp-json\/wp\/v2\/pages\/44","targetHints":{"allow":["GET"]}}],"collection":[{"href":"https:\/\/www.nasillard.com\/es\/wp-json\/wp\/v2\/pages"}],"about":[{"href":"https:\/\/www.nasillard.com\/es\/wp-json\/wp\/v2\/types\/page"}],"author":[{"embeddable":true,"href":"https:\/\/www.nasillard.com\/es\/wp-json\/wp\/v2\/users\/1"}],"replies":[{"embeddable":true,"href":"https:\/\/www.nasillard.com\/es\/wp-json\/wp\/v2\/comments?post=44"}],"version-history":[{"count":5,"href":"https:\/\/www.nasillard.com\/es\/wp-json\/wp\/v2\/pages\/44\/revisions"}],"predecessor-version":[{"id":216,"href":"https:\/\/www.nasillard.com\/es\/wp-json\/wp\/v2\/pages\/44\/revisions\/216"}],"wp:featuredmedia":[{"embeddable":true,"href":"https:\/\/www.nasillard.com\/es\/wp-json\/wp\/v2\/media\/175"}],"wp:attachment":[{"href":"https:\/\/www.nasillard.com\/es\/wp-json\/wp\/v2\/media?parent=44"}],"curies":[{"name":"wp","href":"https:\/\/api.w.org\/{rel}","templated":true}]}}